{"id":2077,"date":"2020-08-05T17:08:35","date_gmt":"2020-08-05T21:08:35","guid":{"rendered":"https:\/\/sites.generatepress.com\/ethos\/?page_id=2077"},"modified":"2026-04-29T11:04:47","modified_gmt":"2026-04-29T11:04:47","slug":"practice-overview","status":"publish","type":"page","link":"https:\/\/test.trungthanhlaw.com\/?page_id=2077","title":{"rendered":"D\u1ecaCH V\u1ee4"},"content":{"rendered":"\n<div class=\"gb-element-2361da3f\">\n<div>\n<div>\n<div>\n<figure class=\"wp-block-image size-full\"><img loading=\"lazy\" decoding=\"async\" width=\"2560\" height=\"1707\" src=\"https:\/\/test.trungthanhlaw.com\/wp-content\/uploads\/2021\/04\/pexels-tara-winstead-8850747-scaled.jpg\" alt=\"\" class=\"wp-image-4072\" style=\"aspect-ratio:16\/9;object-fit:cover\" srcset=\"https:\/\/test.trungthanhlaw.com\/wp-content\/uploads\/2021\/04\/pexels-tara-winstead-8850747-scaled.jpg 2560w, https:\/\/test.trungthanhlaw.com\/wp-content\/uploads\/2021\/04\/pexels-tara-winstead-8850747-300x200.jpg 300w, https:\/\/test.trungthanhlaw.com\/wp-content\/uploads\/2021\/04\/pexels-tara-winstead-8850747-1024x683.jpg 1024w, https:\/\/test.trungthanhlaw.com\/wp-content\/uploads\/2021\/04\/pexels-tara-winstead-8850747-768x512.jpg 768w, https:\/\/test.trungthanhlaw.com\/wp-content\/uploads\/2021\/04\/pexels-tara-winstead-8850747-1536x1024.jpg 1536w, https:\/\/test.trungthanhlaw.com\/wp-content\/uploads\/2021\/04\/pexels-tara-winstead-8850747-2048x1365.jpg 2048w\" sizes=\"auto, (max-width: 2560px) 100vw, 2560px\" \/><\/figure>\n<\/div>\n<\/div>\n<\/div>\n\n\n\n<div>\n<div>\n<p class=\"gb-text gb-text-a648ab7b\"><strong>C\u00f4ng ty Lu\u1eadt TNHH Trung Th\u00e0nh<\/strong> v\u1edbi h\u01a1n <mark style=\"background-color:rgba(0, 0, 0, 0)\" class=\"has-inline-color has-accent-color\">15 n\u0103m kinh nghi\u1ec7m<\/mark> cung c\u1ea5p <mark style=\"background-color:rgba(0, 0, 0, 0)\" class=\"has-inline-color has-accent-color\">d\u1ecbch v\u1ee5 lu\u1eadt s\u01b0 chuy\u00ean nghi\u1ec7p<\/mark> cho c\u00e1c kh\u00e1ch h\u00e0ng t\u1eeb doanh nghi\u1ec7p l\u1edbn \u0111\u1ebfn c\u00e1c doanh nghi\u1ec7p nh\u1ecf, kh\u1edfi nghi\u1ec7p. Ch\u00fang t\u00f4i l\u00e0 \u0111\u1ed1i t\u00e1c \u0111\u1ed3ng h\u00e0nh tr\u00ean con \u0111\u01b0\u1eddng ph\u00e1t tri\u1ec3n v\u1eefng m\u1ea1nh c\u1ee7a kh\u00e1ch h\u00e0ng.<\/p>\n<\/div>\n<\/div>\n<\/div>\n\n\n\n<div class=\"gb-element-3fb92bc6\">\n<p class=\"gb-text gb-text-23c99c10\"><strong>L\u1ef1a ch\u1ecdn Trung Th\u00e0nh Law<\/strong><\/p>\n\n\n\n<div>\n<div>\n<div class=\"gb-element-1b734215\">\n<div><\/div>\n\n\n\n<div><\/div>\n\n\n\n<div><\/div>\n<\/div>\n<\/div>\n<\/div>\n<\/div>\n\n\n\n<div><\/div>\n\n\n\n<section class=\"gb-element-2751b4da\">\n<h2 class=\"gb-text-208a6444\"><span class=\"gb-shape\"><svg viewBox=\"0 0 80 67.901\" xmlns=\"http:\/\/www.w3.org\/2000\/svg\"><path d=\"M12.816 10.638a.852.852 0 01-.44-.123 5.433 5.433 0 01-1.477-1.276A4.286 4.286 0 019.67 6.223a4.322 4.322 0 014.317-4.317 4.321 4.321 0 014.316 4.24c1.887.405 5.004-.034 8.448-2.528 1.635-1.184 3.618-2.037 5.894-2.535a22.886 22.886 0 015.127-.504.855.855 0 01-.018 1.71c-2.3-.025-6.659.295-10 2.714-1.97 1.427-3.994 2.356-6.017 2.764-1.715.345-3.359.279-4.628-.188a.854.854 0 01-.549-.938 2.61 2.61 0 00-2.573-3.024 2.61 2.61 0 00-2.607 2.607c0 .697.272 1.352.765 1.845.026.026.05.053.072.082.263.34.613.642 1.04.899a.856.856 0 01-.441 1.588zM19.152 11.921c-1.261 0-2.402-.085-3.404-.255a.855.855 0 11.286-1.686c1.131.191 2.475.264 3.995.217 3.323-.104 5.737-1.383 8.072-2.62 1.565-.829 3.043-1.612 4.638-1.92a10.567 10.567 0 013.044-.12.855.855 0 01-.168 1.702 8.88 8.88 0 00-2.552.097c-1.345.26-2.65.951-4.162 1.752-2.39 1.266-5.099 2.702-8.819 2.818-.316.01-.627.015-.93.015zM14.13 46.331a14.04 14.04 0 01-9.992-4.139A14.038 14.038 0 010 32.201c0-.472.383-.855.855-.855h26.551c.472 0 .855.383.855.855a14.04 14.04 0 01-4.139 9.992 14.037 14.037 0 01-9.992 4.138zM1.739 33.056a12.326 12.326 0 003.609 7.927 12.339 12.339 0 008.782 3.638c3.318 0 6.437-1.292 8.782-3.638a12.328 12.328 0 003.609-7.927H1.739z\"><\/path><path d=\"M26.177 33.016a.854.854 0 01-.768-.478L14.13 9.636 2.852 32.539a.854.854 0 11-1.534-.756L13.363 7.322a.855.855 0 011.534 0l12.046 24.461a.855.855 0 01-.766 1.233z\"><\/path><path d=\"M14.13 32.964a.855.855 0 01-.855-.855V7.7a.855.855 0 011.71 0v24.409a.854.854 0 01-.855.855zM67.184 10.638a.856.856 0 01-.442-1.588c.427-.257.777-.56 1.04-.899a.938.938 0 01.072-.082 2.592 2.592 0 00.765-1.845 2.61 2.61 0 00-2.607-2.607 2.61 2.61 0 00-2.573 3.024.854.854 0 01-.549.938c-1.269.467-2.913.533-4.628.188-2.023-.407-4.047-1.337-6.017-2.764-3.341-2.419-7.699-2.739-10-2.714h-.009a.855.855 0 01-.009-1.71c1.785-.019 3.51.15 5.127.504 2.276.498 4.259 1.351 5.894 2.535 3.444 2.494 6.561 2.934 8.448 2.528a4.322 4.322 0 014.316-4.24 4.322 4.322 0 014.317 4.317 4.29 4.29 0 01-1.228 3.016c-.388.49-.885.919-1.477 1.276a.852.852 0 01-.44.123zM60.848 11.921c-.303 0-.614-.005-.931-.015-3.72-.116-6.429-1.552-8.819-2.818-1.512-.801-2.817-1.492-4.162-1.752a8.88 8.88 0 00-2.552-.097.855.855 0 01-.168-1.702 10.567 10.567 0 013.044.12c1.595.308 3.073 1.091 4.638 1.92 2.335 1.237 4.748 2.516 8.072 2.62 1.52.047 2.865-.025 3.995-.217a.855.855 0 01.286 1.686c-1.001.17-2.142.255-3.403.255zM65.869 46.331a14.04 14.04 0 01-9.992-4.139 14.037 14.037 0 01-4.139-9.992c0-.472.383-.855.855-.855h26.551c.472 0 .855.383.855.855a14.04 14.04 0 01-4.139 9.992 14.03 14.03 0 01-9.991 4.139zM53.478 33.056a12.326 12.326 0 003.609 7.927 12.339 12.339 0 008.782 3.638c3.318 0 6.437-1.292 8.782-3.638a12.328 12.328 0 003.609-7.927H53.478z\"><\/path><path d=\"M77.916 33.016a.854.854 0 01-.768-.478L65.869 9.636 54.591 32.539a.854.854 0 11-1.534-.756L65.102 7.322a.855.855 0 011.534 0l12.046 24.461a.855.855 0 01-.766 1.233z\"><\/path><path d=\"M65.869 32.964a.855.855 0 01-.855-.855V7.7a.855.855 0 011.71 0v24.409a.854.854 0 01-.855.855zM55.849 67.901H24.034a.855.855 0 01-.855-.855v-7.092c0-.472.383-.855.855-.855h31.815c.472 0 .855.383.855.855v7.092a.855.855 0 01-.855.855zm-30.96-1.71h30.104v-5.382H24.889v5.382z\"><\/path><path d=\"M55.833 60.809H24.05a.855.855 0 01-.363-1.629l12.017-5.632a.859.859 0 01.363-.081h6.923c.118 0 .235.025.343.072l12.844 5.632a.856.856 0 01-.344 1.638zm-27.944-1.71h23.864l-8.943-3.921h-6.554l-8.367 3.921z\"><\/path><path d=\"M43.29 55.146h-6.698a.855.855 0 01-.855-.855V13.986l-3.395-3.619a.855.855 0 01.624-1.44h13.95a.855.855 0 01.624 1.44l-3.395 3.619v40.305a.855.855 0 01-.855.855zm-5.842-1.71h4.987V13.648c0-.217.083-.427.231-.585l2.275-2.425h-10l2.275 2.425a.855.855 0 01.231.585v39.788z\"><\/path><path d=\"M39.941 10.495a5.254 5.254 0 01-5.248-5.248A5.255 5.255 0 0139.941 0a5.254 5.254 0 015.248 5.248 5.253 5.253 0 01-5.248 5.247zm0-8.785a3.541 3.541 0 00-3.537 3.537 3.541 3.541 0 003.537 3.537 3.541 3.541 0 003.537-3.537 3.54 3.54 0 00-3.537-3.537z\"><\/path><path d=\"M39.941 10.495a5.254 5.254 0 01-5.248-5.248A5.255 5.255 0 0139.941 0a5.254 5.254 0 015.248 5.248 5.253 5.253 0 01-5.248 5.247zm0-8.785a3.541 3.541 0 00-3.537 3.537 3.541 3.541 0 003.537 3.537 3.541 3.541 0 003.537-3.537 3.54 3.54 0 00-3.537-3.537zM40.287 64.321h-16.09a.855.855 0 010-1.71h16.09a.855.855 0 010 1.71zM55.68 64.321h-6.476a.855.855 0 010-1.71h6.476a.855.855 0 010 1.71z\"><\/path><\/svg><\/span><span class=\"gb-text\"><strong>D\u1ecaCH V\u1ee4 PH\u00c1P L\u00dd<\/strong><\/span><\/h2>\n\n\n\n<div class=\"gb-element-b2d33c58\">\n<div class=\"gb-element-7e69dde5\">\n<h3 class=\"gb-text gb-text-bcf647b2\">Personal Injury<\/h3>\n\n\n\n<p>Vivamus integer suscipit etiam primis tempor ultricies proin quisque lectus sagittis euismod libero facilisi aptent.<\/p>\n\n\n\n<p class=\"gb-text gb-text-8ed5f797\">Personal injury service item <\/p>\n\n\n\n<p class=\"gb-text gb-text-07749e78\">Personal injury service item <\/p>\n\n\n\n<p class=\"gb-text gb-text-20b07e7c\">Personal injury service item<\/p>\n\n\n\n<p class=\"gb-text gb-text-73350fb3\">Personal injury service item<\/p>\n\n\n\n<p class=\"gb-text gb-text-8bdeb39c\">Personal injury service item<\/p>\n\n\n\n<a class=\"gb-text gb-text-1454b979 button-effect\" href=\"https:\/\/sites.generatepress.com\/ethos\/practice-page-single\/\">Learn More<\/a>\n<\/div>\n\n\n\n<div class=\"gb-element-24215177\">\n<h3 class=\"gb-text gb-text-e818c6f6\">Civil Litigation<\/h3>\n\n\n\n<p>Vivamus integer suscipit etiam primis tempor ultricies proin quisque lectus sagittis euismod libero facilisi aptent.<\/p>\n\n\n\n<p class=\"gb-text gb-text-5bd386e3\">Civil litigation service item<\/p>\n\n\n\n<p class=\"gb-text gb-text-9d3f83df\">Civil litigation service item<\/p>\n\n\n\n<p class=\"gb-text gb-text-8c3a3109\">Civil litigation service item<\/p>\n\n\n\n<p class=\"gb-text gb-text-838a3d14\">Civil litigation service item<\/p>\n\n\n\n<p class=\"gb-text gb-text-a219e822\">Civil litigation service item<\/p>\n\n\n\n<a class=\"gb-text gb-text-44e9f278 button-effect\" href=\"https:\/\/sites.generatepress.com\/ethos\/practice-page-single\/\">Learn More<\/a>\n<\/div>\n\n\n\n<div class=\"gb-element-a90a5d25\">\n<h3 class=\"gb-text gb-text-d1d63d5f\">Employment Law<\/h3>\n\n\n\n<p>Vivamus integer suscipit etiam primis tempor ultricies proin quisque lectus sagittis euismod libero facilisi aptent.<\/p>\n\n\n\n<p class=\"gb-text gb-text-a2347923\">Employment law service item<\/p>\n\n\n\n<p class=\"gb-text gb-text-f8ce7877\">Employment law service item<\/p>\n\n\n\n<p class=\"gb-text gb-text-69888082\">Employment law service item<\/p>\n\n\n\n<p class=\"gb-text gb-text-fadd6cd3\">Employment law service item<\/p>\n\n\n\n<p class=\"gb-text gb-text-f70cd72f\">Employment law service item<\/p>\n\n\n\n<a class=\"gb-button gb-button-0c19e845 gb-button-text button-effect\" href=\"https:\/\/sites.generatepress.com\/ethos\/practice-page-single\/\">Learn More<\/a>\n<\/div>\n<\/div>\n<\/section>\n\n\n\n<section class=\"gb-element-78e5f792\"><\/section>\n","protected":false},"excerpt":{"rendered":"<p>C\u00f4ng ty Lu\u1eadt TNHH Trung Th\u00e0nh v\u1edbi h\u01a1n 15 n\u0103m kinh nghi\u1ec7m cung c\u1ea5p d\u1ecbch v\u1ee5 lu\u1eadt s\u01b0 chuy\u00ean nghi\u1ec7p cho c\u00e1c kh\u00e1ch h\u00e0ng t\u1eeb doanh nghi\u1ec7p l\u1edbn \u0111\u1ebfn c\u00e1c doanh nghi\u1ec7p nh\u1ecf, kh\u1edfi nghi\u1ec7p. Ch\u00fang t\u00f4i l\u00e0 \u0111\u1ed1i t\u00e1c \u0111\u1ed3ng h\u00e0nh tr\u00ean con \u0111\u01b0\u1eddng ph\u00e1t tri\u1ec3n v\u1eefng m\u1ea1nh c\u1ee7a kh\u00e1ch h\u00e0ng. L\u1ef1a ch\u1ecdn Trung &#8230; <a title=\"D\u1ecaCH V\u1ee4\" class=\"read-more\" href=\"https:\/\/test.trungthanhlaw.com\/?page_id=2077\" aria-label=\"\u0110\u1ecdc th\u00eam v\u1ec1 D\u1ecaCH V\u1ee4\">Read More<\/a><\/p>\n","protected":false},"author":0,"featured_media":0,"parent":0,"menu_order":0,"comment_status":"closed","ping_status":"closed","template":"","meta":{"footnotes":""},"class_list":["post-2077","page","type-page","status-publish"],"_links":{"self":[{"href":"https:\/\/test.trungthanhlaw.com\/index.php?rest_route=\/wp\/v2\/pages\/2077","targetHints":{"allow":["GET"]}}],"collection":[{"href":"https:\/\/test.trungthanhlaw.com\/index.php?rest_route=\/wp\/v2\/pages"}],"about":[{"href":"https:\/\/test.trungthanhlaw.com\/index.php?rest_route=\/wp\/v2\/types\/page"}],"replies":[{"embeddable":true,"href":"https:\/\/test.trungthanhlaw.com\/index.php?rest_route=%2Fwp%2Fv2%2Fcomments&post=2077"}],"version-history":[{"count":9,"href":"https:\/\/test.trungthanhlaw.com\/index.php?rest_route=\/wp\/v2\/pages\/2077\/revisions"}],"predecessor-version":[{"id":4189,"href":"https:\/\/test.trungthanhlaw.com\/index.php?rest_route=\/wp\/v2\/pages\/2077\/revisions\/4189"}],"wp:attachment":[{"href":"https:\/\/test.trungthanhlaw.com\/index.php?rest_route=%2Fwp%2Fv2%2Fmedia&parent=2077"}],"curies":[{"name":"wp","href":"https:\/\/api.w.org\/{rel}","templated":true}]}}