{"id":4037,"date":"2026-01-11T08:47:56","date_gmt":"2026-01-11T08:47:56","guid":{"rendered":"https:\/\/test.trungthanhlaw.com\/?page_id=4037"},"modified":"2026-04-16T08:47:48","modified_gmt":"2026-04-16T08:47:48","slug":"ve-chung-toi","status":"publish","type":"page","link":"https:\/\/test.trungthanhlaw.com\/?page_id=4037","title":{"rendered":"V\u1ec1 ch\u00fang t\u00f4i"},"content":{"rendered":"\n<div>\n<div class=\"gb-element-efceaa66\">\n<div class=\"gb-element-d1e4e38c\">\n<div>\n<div>\n<img loading=\"lazy\" decoding=\"async\" width=\"2560\" height=\"1396\" class=\"gb-media-9750a5f0\" alt=\"\" title=\"Gemini_Generated_Image_tij5d6tij5d6tij5\" src=\"https:\/\/test.trungthanhlaw.com\/wp-content\/uploads\/2026\/04\/Gemini_Generated_Image_tij5d6tij5d6tij5-3-scaled.png\" srcset=\"https:\/\/test.trungthanhlaw.com\/wp-content\/uploads\/2026\/04\/Gemini_Generated_Image_tij5d6tij5d6tij5-3-scaled.png 2560w, https:\/\/test.trungthanhlaw.com\/wp-content\/uploads\/2026\/04\/Gemini_Generated_Image_tij5d6tij5d6tij5-3-300x164.png 300w, https:\/\/test.trungthanhlaw.com\/wp-content\/uploads\/2026\/04\/Gemini_Generated_Image_tij5d6tij5d6tij5-3-1024x559.png 1024w, https:\/\/test.trungthanhlaw.com\/wp-content\/uploads\/2026\/04\/Gemini_Generated_Image_tij5d6tij5d6tij5-3-768x419.png 768w, https:\/\/test.trungthanhlaw.com\/wp-content\/uploads\/2026\/04\/Gemini_Generated_Image_tij5d6tij5d6tij5-3-1536x838.png 1536w, https:\/\/test.trungthanhlaw.com\/wp-content\/uploads\/2026\/04\/Gemini_Generated_Image_tij5d6tij5d6tij5-3-2048x1117.png 2048w\" sizes=\"auto, (max-width: 2560px) 100vw, 2560px\" \/>\n<\/div>\n<\/div>\n<\/div>\n\n\n\n<div>\n<div>\n<div class=\"wp-block-columns is-layout-flex wp-container-core-columns-is-layout-9d6595d7 wp-block-columns-is-layout-flex\">\n<div class=\"wp-block-column is-layout-flow wp-block-column-is-layout-flow\" style=\"font-size:18px;flex-basis:100%\">\n<div class=\"wp-block-columns is-layout-flex wp-container-core-columns-is-layout-9d6595d7 wp-block-columns-is-layout-flex\">\n<div class=\"wp-block-column is-layout-flow wp-block-column-is-layout-flow\" style=\"flex-basis:100%\">\n<div>\n<p class=\"gb-text gb-text-b7bee04e\"><strong>C\u00f4ng ty Lu\u1eadt TNHH Trung Th\u00e0nh<\/strong> l\u00e0 h\u00e3ng lu\u1eadt chuy\u00ean cung c\u1ea5p gi\u1ea3i ph\u00e1p ph\u00e1p l\u00fd to\u00e0n di\u1ec7n cho doanh nghi\u1ec7p, v\u1edbi \u0111\u1ecbnh v\u1ecb l\u00e0 \u0111\u1ed1i t\u00e1c chi\u1ebfn l\u01b0\u1ee3c \u0111\u1ed3ng h\u00e0nh c\u00f9ng s\u1ef1 ph\u00e1t tri\u1ec3n b\u1ec1n v\u1eefng c\u1ee7a kh\u00e1ch h\u00e0ng.<br>V\u1edbi h\u01a1n 15 n\u0103m kinh nghi\u1ec7m, Trung Th\u00e0nh Law theo \u0111u\u1ed5i s\u1ee9 m\u1ec7nh b\u1ea3o v\u1ec7 an to\u00e0n ph\u00e1p l\u00fd v\u00e0 ki\u1ebfn t\u1ea1o gi\u00e1 tr\u1ecb b\u1ec1n v\u1eefng cho doanh nghi\u1ec7p. \u0110i\u1ec3m kh\u00e1c bi\u1ec7t n\u1eb1m \u1edf c\u00e1ch ti\u1ebfp c\u1eadn th\u1ef1c ti\u1ec5n: kh\u00f4ng ch\u1ec9 am hi\u1ec3u quy \u0111\u1ecbnh ph\u00e1p lu\u1eadt, m\u00e0 c\u00f2n hi\u1ec3u c\u00e1ch doanh nghi\u1ec7p v\u1eadn h\u00e0nh, ra quy\u1ebft \u0111\u1ecbnh v\u00e0 \u0111\u1ed1i m\u1eb7t v\u1edbi r\u1ee7i ro trong th\u1ef1c t\u1ebf.<br>\u0110\u1ed9i ng\u0169 Trung Th\u00e0nh Law l\u00e0 s\u1ef1 k\u1ebft h\u1ee3p gi\u1eefa t\u01b0 duy qu\u1ea3n tr\u1ecb c\u1ee7a ng\u01b0\u1eddi l\u00e0m kinh doanh v\u00e0 n\u0103ng l\u1ef1c chuy\u00ean m\u00f4n c\u1ee7a lu\u1eadt s\u01b0, chuy\u00ean gia trong c\u00e1c l\u0129nh v\u1ef1c: ph\u00e1p l\u00fd doanh nghi\u1ec7p, h\u1ee3p \u0111\u1ed3ng, s\u1edf h\u1eefu tr\u00ed tu\u1ec7, \u0111\u1ea7u t\u01b0 \u2013 M&amp;A v\u00e0 ph\u00e1p l\u00fd ng\u00e0nh th\u1ef1c ph\u1ea9m, m\u1ef9 ph\u1ea9m, y t\u1ebf.<br>Trung Th\u00e0nh Law kh\u00f4ng \u0111\u01a1n thu\u1ea7n cung c\u1ea5p d\u1ecbch v\u1ee5 ph\u00e1p l\u00fd, m\u00e0 \u0111\u1ed3ng h\u00e0nh nh\u01b0 m\u1ed9t \u201cl\u00e1 ch\u1eafn ph\u00e1p l\u00fd\u201d v\u00e0 \u0111\u1ed1i t\u00e1c chi\u1ebfn l\u01b0\u1ee3c, gi\u00fap doanh nghi\u1ec7p v\u1eadn h\u00e0nh an to\u00e0n v\u00e0 ph\u00e1t tri\u1ec3n b\u1ec1n v\u1eefng.<\/p>\n<\/div>\n<\/div>\n<\/div>\n<\/div>\n<\/div>\n<\/div>\n<\/div>\n<\/div>\n<\/div>\n\n\n\n<div class=\"wp-block-columns is-layout-flex wp-container-core-columns-is-layout-9d6595d7 wp-block-columns-is-layout-flex\">\n<div class=\"wp-block-column is-layout-flow wp-block-column-is-layout-flow\" style=\"flex-basis:100%\">\n<div class=\"gb-element-cf14db73\">\n<div class=\"gb-element-efd46999\">\n<div class=\"gb-element-dd4e1e3a\">\n<div>\n<img loading=\"lazy\" decoding=\"async\" width=\"942\" height=\"942\" class=\"gb-media-75516d35\" alt=\"\" title=\"Gemini_Generated_Image_11slxl11slxl11sl\" src=\"https:\/\/test.trungthanhlaw.com\/wp-content\/uploads\/2026\/04\/Gemini_Generated_Image_11slxl11slxl11sl-1.png\" srcset=\"https:\/\/test.trungthanhlaw.com\/wp-content\/uploads\/2026\/04\/Gemini_Generated_Image_11slxl11slxl11sl-1.png 942w, https:\/\/test.trungthanhlaw.com\/wp-content\/uploads\/2026\/04\/Gemini_Generated_Image_11slxl11slxl11sl-1-300x300.png 300w, https:\/\/test.trungthanhlaw.com\/wp-content\/uploads\/2026\/04\/Gemini_Generated_Image_11slxl11slxl11sl-1-150x150.png 150w, https:\/\/test.trungthanhlaw.com\/wp-content\/uploads\/2026\/04\/Gemini_Generated_Image_11slxl11slxl11sl-1-768x768.png 768w\" sizes=\"auto, (max-width: 942px) 100vw, 942px\" \/>\n<\/div>\n\n\n\n<div>\n<div>\n<p class=\"gb-text gb-text-7c3e72a0\">T\u1ea6M NH\u00ccN<\/p>\n\n\n\n<p class=\"gb-text gb-text-e1ea152f\">Tr\u1edf th\u00e0nh \u0111\u1ed1i t\u00e1c ph\u00e1p l\u00fd h\u00e0ng \u0111\u1ea7u c\u1ee7a doanh nghi\u1ec7p Vi\u1ec7t, n\u01a1i ph\u00e1p lu\u1eadt \u0111\u01b0\u1ee3c v\u1eadn d\u1ee5ng nh\u01b0 m\u1ed9t c\u00f4ng c\u1ee5 chi\u1ebfn l\u01b0\u1ee3c \u0111\u1ec3 ph\u00e1t tri\u1ec3n b\u1ec1n v\u1eefng<\/p>\n<\/div>\n<\/div>\n<\/div>\n<\/div>\n\n\n\n<div class=\"gb-element-176a2b89\">\n<div class=\"gb-element-c2ac85bb\">\n<div>\n<img loading=\"lazy\" decoding=\"async\" width=\"942\" height=\"942\" class=\"gb-media-a40d86db\" alt=\"\" title=\"Gemini_Generated_Image_11slxl11slxl11sl\" src=\"https:\/\/test.trungthanhlaw.com\/wp-content\/uploads\/2026\/04\/Gemini_Generated_Image_11slxl11slxl11sl-1.png\" srcset=\"https:\/\/test.trungthanhlaw.com\/wp-content\/uploads\/2026\/04\/Gemini_Generated_Image_11slxl11slxl11sl-1.png 942w, https:\/\/test.trungthanhlaw.com\/wp-content\/uploads\/2026\/04\/Gemini_Generated_Image_11slxl11slxl11sl-1-300x300.png 300w, https:\/\/test.trungthanhlaw.com\/wp-content\/uploads\/2026\/04\/Gemini_Generated_Image_11slxl11slxl11sl-1-150x150.png 150w, https:\/\/test.trungthanhlaw.com\/wp-content\/uploads\/2026\/04\/Gemini_Generated_Image_11slxl11slxl11sl-1-768x768.png 768w\" sizes=\"auto, (max-width: 942px) 100vw, 942px\" \/>\n<\/div>\n\n\n\n<div>\n<p class=\"gb-text gb-text-cdab91af\">S\u1ee8 M\u1ec6NH<\/p>\n\n\n\n<p class=\"gb-text gb-text-b69ab183\">B\u1ea3o v\u1ec7 an to\u00e0n ph\u00e1p l\u00fd v\u00e0 t\u1ea1o d\u1ef1ng n\u1ec1n t\u1ea3ng v\u1eefng ch\u1eafc \u0111\u1ec3 doanh nghi\u1ec7p t\u1ef1 tin v\u1eadn h\u00e0nh, t\u0103ng tr\u01b0\u1edfng v\u00e0 m\u1edf r\u1ed9ng<\/p>\n<\/div>\n<\/div>\n<\/div>\n\n\n\n<div>\n<div class=\"gb-element-28441e86\">\n<div>\n<img loading=\"lazy\" decoding=\"async\" width=\"942\" height=\"942\" class=\"gb-media-120e36cd\" alt=\"\" title=\"Gemini_Generated_Image_11slxl11slxl11sl\" src=\"https:\/\/test.trungthanhlaw.com\/wp-content\/uploads\/2026\/04\/Gemini_Generated_Image_11slxl11slxl11sl-1.png\" srcset=\"https:\/\/test.trungthanhlaw.com\/wp-content\/uploads\/2026\/04\/Gemini_Generated_Image_11slxl11slxl11sl-1.png 942w, https:\/\/test.trungthanhlaw.com\/wp-content\/uploads\/2026\/04\/Gemini_Generated_Image_11slxl11slxl11sl-1-300x300.png 300w, https:\/\/test.trungthanhlaw.com\/wp-content\/uploads\/2026\/04\/Gemini_Generated_Image_11slxl11slxl11sl-1-150x150.png 150w, https:\/\/test.trungthanhlaw.com\/wp-content\/uploads\/2026\/04\/Gemini_Generated_Image_11slxl11slxl11sl-1-768x768.png 768w\" sizes=\"auto, (max-width: 942px) 100vw, 942px\" \/>\n<\/div>\n\n\n\n<div>\n<p class=\"gb-text gb-text-32d183b8\">GI\u00c1 TR\u1eca C\u1ed0T L\u00d5I<\/p>\n\n\n\n<p class=\"gb-text gb-text-ea5ae768\"><strong>Th\u1ef1c ti\u1ec5n:<\/strong> Hi\u1ec3u lu\u1eadt, hi\u1ec3u c\u00e1ch doanh nghi\u1ec7p v\u1eadn h\u00e0nh<br><strong>Hi\u1ec7u qu\u1ea3:<\/strong> Gi\u1ea3i ph\u00e1p \u0111i th\u1eb3ng v\u00e0o v\u1ea5n \u0111\u1ec1, kh\u00f4ng l\u00fd thuy\u1ebft su\u00f4ng<br><strong>Uy t\u00edn:<\/strong> Cam k\u1ebft \u0111\u1ebfn c\u00f9ng v\u1edbi k\u1ebft qu\u1ea3 v\u00e0 tr\u00e1ch nhi\u1ec7m<\/p>\n<\/div>\n<\/div>\n<\/div>\n<\/div>\n<\/div>\n<\/div>\n\n\n\n<p><\/p>\n","protected":false},"excerpt":{"rendered":"<p>C\u00f4ng ty Lu\u1eadt TNHH Trung Th\u00e0nh l\u00e0 h\u00e3ng lu\u1eadt chuy\u00ean cung c\u1ea5p gi\u1ea3i ph\u00e1p ph\u00e1p l\u00fd to\u00e0n di\u1ec7n cho doanh nghi\u1ec7p, v\u1edbi \u0111\u1ecbnh v\u1ecb l\u00e0 \u0111\u1ed1i t\u00e1c chi\u1ebfn l\u01b0\u1ee3c \u0111\u1ed3ng h\u00e0nh c\u00f9ng s\u1ef1 ph\u00e1t tri\u1ec3n b\u1ec1n v\u1eefng c\u1ee7a kh\u00e1ch h\u00e0ng.V\u1edbi h\u01a1n 15 n\u0103m kinh nghi\u1ec7m, Trung Th\u00e0nh Law theo \u0111u\u1ed5i s\u1ee9 m\u1ec7nh b\u1ea3o v\u1ec7 an &#8230; <a title=\"V\u1ec1 ch\u00fang t\u00f4i\" class=\"read-more\" href=\"https:\/\/test.trungthanhlaw.com\/?page_id=4037\" aria-label=\"\u0110\u1ecdc th\u00eam v\u1ec1 V\u1ec1 ch\u00fang t\u00f4i\">Read More<\/a><\/p>\n","protected":false},"author":1,"featured_media":0,"parent":0,"menu_order":0,"comment_status":"closed","ping_status":"closed","template":"","meta":{"footnotes":""},"class_list":["post-4037","page","type-page","status-publish"],"_links":{"self":[{"href":"https:\/\/test.trungthanhlaw.com\/index.php?rest_route=\/wp\/v2\/pages\/4037","targetHints":{"allow":["GET"]}}],"collection":[{"href":"https:\/\/test.trungthanhlaw.com\/index.php?rest_route=\/wp\/v2\/pages"}],"about":[{"href":"https:\/\/test.trungthanhlaw.com\/index.php?rest_route=\/wp\/v2\/types\/page"}],"author":[{"embeddable":true,"href":"https:\/\/test.trungthanhlaw.com\/index.php?rest_route=\/wp\/v2\/users\/1"}],"replies":[{"embeddable":true,"href":"https:\/\/test.trungthanhlaw.com\/index.php?rest_route=%2Fwp%2Fv2%2Fcomments&post=4037"}],"version-history":[{"count":7,"href":"https:\/\/test.trungthanhlaw.com\/index.php?rest_route=\/wp\/v2\/pages\/4037\/revisions"}],"predecessor-version":[{"id":4165,"href":"https:\/\/test.trungthanhlaw.com\/index.php?rest_route=\/wp\/v2\/pages\/4037\/revisions\/4165"}],"wp:attachment":[{"href":"https:\/\/test.trungthanhlaw.com\/index.php?rest_route=%2Fwp%2Fv2%2Fmedia&parent=4037"}],"curies":[{"name":"wp","href":"https:\/\/api.w.org\/{rel}","templated":true}]}}